{"id":1833,"date":"2023-06-27T18:26:02","date_gmt":"2023-06-27T16:26:02","guid":{"rendered":"https:\/\/savibal.com\/in-progress\/"},"modified":"2024-11-27T18:11:44","modified_gmt":"2024-11-27T16:11:44","slug":"in-progress","status":"publish","type":"page","link":"https:\/\/savibal.com\/en\/in-progress\/","title":{"rendered":"in progress"},"content":{"rendered":"\t\t<div data-elementor-type=\"wp-page\" data-elementor-id=\"1833\" class=\"elementor elementor-1833 elementor-859\" data-elementor-post-type=\"page\">\n\t\t\t\t\t\t\t\t\t<section class=\"elementor-section elementor-top-section elementor-element elementor-element-06d5805 elementor-section-full_width elementor-section-height-default elementor-section-height-default\" data-id=\"06d5805\" data-element_type=\"section\" data-settings=\"{&quot;background_background&quot;:&quot;classic&quot;}\">\n\t\t\t\t\t\t<div class=\"elementor-container elementor-column-gap-default\">\n\t\t\t\t\t<div class=\"elementor-column elementor-col-50 elementor-top-column elementor-element elementor-element-c182cf5 elementor-invisible\" data-id=\"c182cf5\" data-element_type=\"column\" data-settings=\"{&quot;animation&quot;:&quot;fadeIn&quot;}\">\n\t\t\t<div class=\"elementor-widget-wrap elementor-element-populated\">\n\t\t\t\t\t\t\t\t<div class=\"elementor-element elementor-element-053a43f elementor-widget elementor-widget-text-editor\" data-id=\"053a43f\" data-element_type=\"widget\" data-widget_type=\"text-editor.default\">\n\t\t\t\t<div class=\"elementor-widget-container\">\n\t\t\t<style>\/*! elementor - v3.14.0 - 26-06-2023 *\/\n.elementor-widget-text-editor.elementor-drop-cap-view-stacked .elementor-drop-cap{background-color:#69727d;color:#fff}.elementor-widget-text-editor.elementor-drop-cap-view-framed .elementor-drop-cap{color:#69727d;border:3px solid;background-color:transparent}.elementor-widget-text-editor:not(.elementor-drop-cap-view-default) .elementor-drop-cap{margin-top:8px}.elementor-widget-text-editor:not(.elementor-drop-cap-view-default) .elementor-drop-cap-letter{width:1em;height:1em}.elementor-widget-text-editor .elementor-drop-cap{float:left;text-align:center;line-height:1;font-size:50px}.elementor-widget-text-editor .elementor-drop-cap-letter{display:inline-block}<\/style>\t\t\t\t<p>IN PROGRESS<\/p>\t\t\t\t\t\t<\/div>\n\t\t\t\t<\/div>\n\t\t\t\t\t<\/div>\n\t\t<\/div>\n\t\t\t\t<div class=\"elementor-column elementor-col-50 elementor-top-column elementor-element elementor-element-54b5bd2 elementor-invisible\" data-id=\"54b5bd2\" data-element_type=\"column\" data-settings=\"{&quot;background_background&quot;:&quot;classic&quot;,&quot;animation&quot;:&quot;fadeInUp&quot;}\">\n\t\t\t<div class=\"elementor-widget-wrap elementor-element-populated\">\n\t\t\t\t\t\t\t\t<div class=\"elementor-element elementor-element-3a47aed elementor-widget elementor-widget-image\" data-id=\"3a47aed\" data-element_type=\"widget\" data-widget_type=\"image.default\">\n\t\t\t\t<div class=\"elementor-widget-container\">\n\t\t\t<style>\/*! elementor - v3.14.0 - 26-06-2023 *\/\n.elementor-widget-image{text-align:center}.elementor-widget-image a{display:inline-block}.elementor-widget-image a img[src$=\".svg\"]{width:48px}.elementor-widget-image img{vertical-align:middle;display:inline-block}<\/style>\t\t\t\t\t\t\t\t\t\t\t\t<img decoding=\"async\" width=\"2048\" height=\"1152\" src=\"https:\/\/savibal.com\/wp-content\/uploads\/2023\/09\/WhatsApp-Image-2023-07-19-at-09.10.06.jpeg\" class=\"attachment-full size-full wp-image-1972\" alt=\"\" loading=\"lazy\" srcset=\"https:\/\/savibal.com\/wp-content\/uploads\/2023\/09\/WhatsApp-Image-2023-07-19-at-09.10.06.jpeg 2048w, https:\/\/savibal.com\/wp-content\/uploads\/2023\/09\/WhatsApp-Image-2023-07-19-at-09.10.06-300x169.jpeg 300w, https:\/\/savibal.com\/wp-content\/uploads\/2023\/09\/WhatsApp-Image-2023-07-19-at-09.10.06-1024x576.jpeg 1024w, https:\/\/savibal.com\/wp-content\/uploads\/2023\/09\/WhatsApp-Image-2023-07-19-at-09.10.06-768x432.jpeg 768w, https:\/\/savibal.com\/wp-content\/uploads\/2023\/09\/WhatsApp-Image-2023-07-19-at-09.10.06-1536x864.jpeg 1536w\" sizes=\"(max-width: 2048px) 100vw, 2048px\" \/>\t\t\t\t\t\t\t\t\t\t\t\t\t\t\t<\/div>\n\t\t\t\t<\/div>\n\t\t\t\t\t<\/div>\n\t\t<\/div>\n\t\t\t\t\t\t\t<\/div>\n\t\t<\/section>\n\t\t\t\t<section class=\"elementor-section elementor-top-section elementor-element elementor-element-aab693a elementor-section-full_width elementor-section-height-default elementor-section-height-default\" data-id=\"aab693a\" data-element_type=\"section\">\n\t\t\t\t\t\t<div class=\"elementor-container elementor-column-gap-default\">\n\t\t\t\t\t<div class=\"elementor-column elementor-col-100 elementor-top-column elementor-element elementor-element-1d8e3f9 animated-slow elementor-invisible\" data-id=\"1d8e3f9\" data-element_type=\"column\" data-settings=\"{&quot;animation&quot;:&quot;fadeInUp&quot;}\">\n\t\t\t<div class=\"elementor-widget-wrap elementor-element-populated\">\n\t\t\t\t\t\t\t\t<div class=\"elementor-element elementor-element-19cab15 elementor-grid-1 elementor-posts--thumbnail-left elementor-posts--align-left elementor-hidden-tablet elementor-hidden-mobile elementor-grid-tablet-2 elementor-grid-mobile-1 elementor-widget elementor-widget-posts\" data-id=\"19cab15\" data-element_type=\"widget\" data-settings=\"{&quot;classic_columns&quot;:&quot;1&quot;,&quot;classic_columns_tablet&quot;:&quot;2&quot;,&quot;classic_columns_mobile&quot;:&quot;1&quot;,&quot;classic_row_gap&quot;:{&quot;unit&quot;:&quot;px&quot;,&quot;size&quot;:35,&quot;sizes&quot;:[]},&quot;classic_row_gap_tablet&quot;:{&quot;unit&quot;:&quot;px&quot;,&quot;size&quot;:&quot;&quot;,&quot;sizes&quot;:[]},&quot;classic_row_gap_mobile&quot;:{&quot;unit&quot;:&quot;px&quot;,&quot;size&quot;:&quot;&quot;,&quot;sizes&quot;:[]}}\" data-widget_type=\"posts.classic\">\n\t\t\t\t<div class=\"elementor-widget-container\">\n\t\t\t<link rel=\"stylesheet\" href=\"https:\/\/savibal.com\/wp-content\/plugins\/elementor-pro\/assets\/css\/widget-posts.min.css\">\t\t<div class=\"elementor-posts-container elementor-posts elementor-posts--skin-classic elementor-grid\">\n\t\t\t\t<article class=\"elementor-post elementor-grid-item post-479 en_curso type-en_curso status-publish has-post-thumbnail hentry\">\n\t\t\t\t<a class=\"elementor-post__thumbnail__link\" href=\"https:\/\/savibal.com\/en\/en_curso\/la-bastida\/\" >\n\t\t\t<div class=\"elementor-post__thumbnail\"><img decoding=\"async\" width=\"2560\" height=\"1920\" src=\"https:\/\/savibal.com\/wp-content\/uploads\/2023\/07\/bas-bastida-aerea-0003-scaled.jpg\" class=\"attachment-full size-full wp-image-2105\" alt=\"\" loading=\"lazy\" srcset=\"https:\/\/savibal.com\/wp-content\/uploads\/2023\/07\/bas-bastida-aerea-0003-scaled.jpg 2560w, https:\/\/savibal.com\/wp-content\/uploads\/2023\/07\/bas-bastida-aerea-0003-300x225.jpg 300w, https:\/\/savibal.com\/wp-content\/uploads\/2023\/07\/bas-bastida-aerea-0003-1024x768.jpg 1024w, https:\/\/savibal.com\/wp-content\/uploads\/2023\/07\/bas-bastida-aerea-0003-768x576.jpg 768w, https:\/\/savibal.com\/wp-content\/uploads\/2023\/07\/bas-bastida-aerea-0003-1536x1152.jpg 1536w, https:\/\/savibal.com\/wp-content\/uploads\/2023\/07\/bas-bastida-aerea-0003-2048x1536.jpg 2048w\" sizes=\"(max-width: 2560px) 100vw, 2560px\" \/><\/div>\n\t\t<\/a>\n\t\t\t\t<div class=\"elementor-post__text\">\n\t\t\t\t<h3 class=\"elementor-post__title\">\n\t\t\t<a href=\"https:\/\/savibal.com\/en\/en_curso\/la-bastida\/\" >\n\t\t\t\tLA BASTIDA\t\t\t<\/a>\n\t\t<\/h3>\n\t\t\t\t<div class=\"elementor-post__excerpt\">\n\t\t\t<p>Finca de 1.100 metros cuadrados de superficie con vi\u00f1edos propios, piscina y un impresionante proyecto de paisajismo, detr\u00e1s del Parque Natural y de la playa<\/p>\n\t\t<\/div>\n\t\t\n\t\t<a class=\"elementor-post__read-more\" href=\"https:\/\/savibal.com\/en\/en_curso\/la-bastida\/\" aria-label=\"Read more about LA BASTIDA\" >\n\t\t\tContinue reading\t\t<\/a>\n\n\t\t\t\t<\/div>\n\t\t\t\t<\/article>\n\t\t\t\t<article class=\"elementor-post elementor-grid-item post-509 en_curso type-en_curso status-publish has-post-thumbnail hentry\">\n\t\t\t\t<a class=\"elementor-post__thumbnail__link\" href=\"https:\/\/savibal.com\/en\/en_curso\/puntiro-hills\/\" >\n\t\t\t<div class=\"elementor-post__thumbnail\"><img decoding=\"async\" width=\"2560\" height=\"1280\" src=\"https:\/\/savibal.com\/wp-content\/uploads\/2023\/06\/alzado_pool_warema-scaled.jpg\" class=\"attachment-full size-full wp-image-522\" alt=\"\" loading=\"lazy\" srcset=\"https:\/\/savibal.com\/wp-content\/uploads\/2023\/06\/alzado_pool_warema-scaled.jpg 2560w, https:\/\/savibal.com\/wp-content\/uploads\/2023\/06\/alzado_pool_warema-300x150.jpg 300w, https:\/\/savibal.com\/wp-content\/uploads\/2023\/06\/alzado_pool_warema-1024x512.jpg 1024w, https:\/\/savibal.com\/wp-content\/uploads\/2023\/06\/alzado_pool_warema-768x384.jpg 768w, https:\/\/savibal.com\/wp-content\/uploads\/2023\/06\/alzado_pool_warema-1536x768.jpg 1536w, https:\/\/savibal.com\/wp-content\/uploads\/2023\/06\/alzado_pool_warema-2048x1024.jpg 2048w\" sizes=\"(max-width: 2560px) 100vw, 2560px\" \/><\/div>\n\t\t<\/a>\n\t\t\t\t<div class=\"elementor-post__text\">\n\t\t\t\t<h3 class=\"elementor-post__title\">\n\t\t\t<a href=\"https:\/\/savibal.com\/en\/en_curso\/puntiro-hills\/\" >\n\t\t\t\tPUNTIR\u00d3 HILLS\t\t\t<\/a>\n\t\t<\/h3>\n\t\t\t\t<div class=\"elementor-post__excerpt\">\n\t\t\t<p>Villa de 500 metros cuadrados de superficie con piscina en la prestigiosa urbanizaci\u00f3n de Palma, Puntir\u00f3, con impresionantes vistas a la bah\u00eda. Arquitecto: PLANAS Arquitectura<\/p>\n\t\t<\/div>\n\t\t\n\t\t<a class=\"elementor-post__read-more\" href=\"https:\/\/savibal.com\/en\/en_curso\/puntiro-hills\/\" aria-label=\"Read more about PUNTIR\u00d3 HILLS\" >\n\t\t\tContinue reading\t\t<\/a>\n\n\t\t\t\t<\/div>\n\t\t\t\t<\/article>\n\t\t\t\t<article class=\"elementor-post elementor-grid-item post-1023 en_curso type-en_curso status-publish has-post-thumbnail hentry\">\n\t\t\t\t<a class=\"elementor-post__thumbnail__link\" href=\"https:\/\/savibal.com\/en\/en_curso\/costa-pinos\/\" >\n\t\t\t<div class=\"elementor-post__thumbnail\"><img decoding=\"async\" width=\"2560\" height=\"1440\" src=\"https:\/\/savibal.com\/wp-content\/uploads\/2023\/07\/DJI_0690-scaled.jpg\" class=\"attachment-full size-full wp-image-2053\" alt=\"\" loading=\"lazy\" srcset=\"https:\/\/savibal.com\/wp-content\/uploads\/2023\/07\/DJI_0690-scaled.jpg 2560w, https:\/\/savibal.com\/wp-content\/uploads\/2023\/07\/DJI_0690-300x169.jpg 300w, https:\/\/savibal.com\/wp-content\/uploads\/2023\/07\/DJI_0690-1024x576.jpg 1024w, https:\/\/savibal.com\/wp-content\/uploads\/2023\/07\/DJI_0690-768x432.jpg 768w, https:\/\/savibal.com\/wp-content\/uploads\/2023\/07\/DJI_0690-1536x864.jpg 1536w, https:\/\/savibal.com\/wp-content\/uploads\/2023\/07\/DJI_0690-2048x1152.jpg 2048w\" sizes=\"(max-width: 2560px) 100vw, 2560px\" \/><\/div>\n\t\t<\/a>\n\t\t\t\t<div class=\"elementor-post__text\">\n\t\t\t\t<h3 class=\"elementor-post__title\">\n\t\t\t<a href=\"https:\/\/savibal.com\/en\/en_curso\/costa-pinos\/\" >\n\t\t\t\tCOSTA DE LOS PINOS\t\t\t<\/a>\n\t\t<\/h3>\n\t\t\t\t<div class=\"elementor-post__excerpt\">\n\t\t\t<p>Project Management de villa de estilo moderno en Costa de los Pinos de 600 metros cuadrados de superficie, zonas ajardinadas y piscina.<\/p>\n\t\t<\/div>\n\t\t\n\t\t<a class=\"elementor-post__read-more\" href=\"https:\/\/savibal.com\/en\/en_curso\/costa-pinos\/\" aria-label=\"Read more about COSTA DE LOS PINOS\" >\n\t\t\tContinue reading\t\t<\/a>\n\n\t\t\t\t<\/div>\n\t\t\t\t<\/article>\n\t\t\t\t<article class=\"elementor-post elementor-grid-item post-525 en_curso type-en_curso status-publish has-post-thumbnail hentry\">\n\t\t\t\t<a class=\"elementor-post__thumbnail__link\" href=\"https:\/\/savibal.com\/en\/en_curso\/finca-rustica-porto-cristo\/\" >\n\t\t\t<div class=\"elementor-post__thumbnail\"><img decoding=\"async\" width=\"640\" height=\"576\" src=\"https:\/\/savibal.com\/wp-content\/uploads\/2023\/06\/Captura-de-pantalla-2023-05-26-153151.jpg\" class=\"attachment-full size-full wp-image-526\" alt=\"\" loading=\"lazy\" srcset=\"https:\/\/savibal.com\/wp-content\/uploads\/2023\/06\/Captura-de-pantalla-2023-05-26-153151.jpg 640w, https:\/\/savibal.com\/wp-content\/uploads\/2023\/06\/Captura-de-pantalla-2023-05-26-153151-300x270.jpg 300w\" sizes=\"(max-width: 640px) 100vw, 640px\" \/><\/div>\n\t\t<\/a>\n\t\t\t\t<div class=\"elementor-post__text\">\n\t\t\t\t<h3 class=\"elementor-post__title\">\n\t\t\t<a href=\"https:\/\/savibal.com\/en\/en_curso\/finca-rustica-porto-cristo\/\" >\n\t\t\t\tFINCA RUSTICA PORTO CRISTO\t\t\t<\/a>\n\t\t<\/h3>\n\t\t\t\t<div class=\"elementor-post__excerpt\">\n\t\t\t<p>Proyecto llave en mano de una finca rustica en la zona de Porto Cristo.<\/p>\n\t\t<\/div>\n\t\t\n\t\t<a class=\"elementor-post__read-more\" href=\"https:\/\/savibal.com\/en\/en_curso\/finca-rustica-porto-cristo\/\" aria-label=\"Read more about FINCA RUSTICA PORTO CRISTO\" >\n\t\t\tContinue reading\t\t<\/a>\n\n\t\t\t\t<\/div>\n\t\t\t\t<\/article>\n\t\t\t\t<\/div>\n\t\t\n\t\t\t\t<\/div>\n\t\t\t\t<\/div>\n\t\t\t\t<div class=\"elementor-element elementor-element-2d2dc0c elementor-grid-1 elementor-posts--align-left elementor-hidden-desktop elementor-grid-tablet-2 elementor-grid-mobile-1 elementor-posts--thumbnail-top elementor-widget elementor-widget-posts\" data-id=\"2d2dc0c\" data-element_type=\"widget\" data-settings=\"{&quot;classic_columns&quot;:&quot;1&quot;,&quot;classic_row_gap&quot;:{&quot;unit&quot;:&quot;px&quot;,&quot;size&quot;:39,&quot;sizes&quot;:[]},&quot;classic_row_gap_mobile&quot;:{&quot;unit&quot;:&quot;px&quot;,&quot;size&quot;:56,&quot;sizes&quot;:[]},&quot;classic_columns_tablet&quot;:&quot;2&quot;,&quot;classic_columns_mobile&quot;:&quot;1&quot;,&quot;classic_row_gap_tablet&quot;:{&quot;unit&quot;:&quot;px&quot;,&quot;size&quot;:&quot;&quot;,&quot;sizes&quot;:[]}}\" data-widget_type=\"posts.classic\">\n\t\t\t\t<div class=\"elementor-widget-container\">\n\t\t\t\t\t<div class=\"elementor-posts-container elementor-posts elementor-posts--skin-classic elementor-grid\">\n\t\t\t\t<article class=\"elementor-post elementor-grid-item post-479 en_curso type-en_curso status-publish has-post-thumbnail hentry\">\n\t\t\t\t<a class=\"elementor-post__thumbnail__link\" href=\"https:\/\/savibal.com\/en\/en_curso\/la-bastida\/\" >\n\t\t\t<div class=\"elementor-post__thumbnail\"><img decoding=\"async\" width=\"2560\" height=\"1920\" src=\"https:\/\/savibal.com\/wp-content\/uploads\/2023\/07\/bas-bastida-aerea-0003-scaled.jpg\" class=\"attachment-full size-full wp-image-2105\" alt=\"\" loading=\"lazy\" srcset=\"https:\/\/savibal.com\/wp-content\/uploads\/2023\/07\/bas-bastida-aerea-0003-scaled.jpg 2560w, https:\/\/savibal.com\/wp-content\/uploads\/2023\/07\/bas-bastida-aerea-0003-300x225.jpg 300w, https:\/\/savibal.com\/wp-content\/uploads\/2023\/07\/bas-bastida-aerea-0003-1024x768.jpg 1024w, https:\/\/savibal.com\/wp-content\/uploads\/2023\/07\/bas-bastida-aerea-0003-768x576.jpg 768w, https:\/\/savibal.com\/wp-content\/uploads\/2023\/07\/bas-bastida-aerea-0003-1536x1152.jpg 1536w, https:\/\/savibal.com\/wp-content\/uploads\/2023\/07\/bas-bastida-aerea-0003-2048x1536.jpg 2048w\" sizes=\"(max-width: 2560px) 100vw, 2560px\" \/><\/div>\n\t\t<\/a>\n\t\t\t\t<div class=\"elementor-post__text\">\n\t\t\t\t<h3 class=\"elementor-post__title\">\n\t\t\t<a href=\"https:\/\/savibal.com\/en\/en_curso\/la-bastida\/\" >\n\t\t\t\tLA BASTIDA\t\t\t<\/a>\n\t\t<\/h3>\n\t\t\t\t<div class=\"elementor-post__excerpt\">\n\t\t\t<p>Finca de 1.100 metros cuadrados de superficie con vi\u00f1edos propios, piscina y un impresionante proyecto de paisajismo, detr\u00e1s del Parque Natural y de la playa<\/p>\n\t\t<\/div>\n\t\t\n\t\t<a class=\"elementor-post__read-more\" href=\"https:\/\/savibal.com\/en\/en_curso\/la-bastida\/\" aria-label=\"Read more about LA BASTIDA\" >\n\t\t\tContinue reading\t\t<\/a>\n\n\t\t\t\t<\/div>\n\t\t\t\t<\/article>\n\t\t\t\t<article class=\"elementor-post elementor-grid-item post-509 en_curso type-en_curso status-publish has-post-thumbnail hentry\">\n\t\t\t\t<a class=\"elementor-post__thumbnail__link\" href=\"https:\/\/savibal.com\/en\/en_curso\/puntiro-hills\/\" >\n\t\t\t<div class=\"elementor-post__thumbnail\"><img decoding=\"async\" width=\"2560\" height=\"1280\" src=\"https:\/\/savibal.com\/wp-content\/uploads\/2023\/06\/alzado_pool_warema-scaled.jpg\" class=\"attachment-full size-full wp-image-522\" alt=\"\" loading=\"lazy\" srcset=\"https:\/\/savibal.com\/wp-content\/uploads\/2023\/06\/alzado_pool_warema-scaled.jpg 2560w, https:\/\/savibal.com\/wp-content\/uploads\/2023\/06\/alzado_pool_warema-300x150.jpg 300w, https:\/\/savibal.com\/wp-content\/uploads\/2023\/06\/alzado_pool_warema-1024x512.jpg 1024w, https:\/\/savibal.com\/wp-content\/uploads\/2023\/06\/alzado_pool_warema-768x384.jpg 768w, https:\/\/savibal.com\/wp-content\/uploads\/2023\/06\/alzado_pool_warema-1536x768.jpg 1536w, https:\/\/savibal.com\/wp-content\/uploads\/2023\/06\/alzado_pool_warema-2048x1024.jpg 2048w\" sizes=\"(max-width: 2560px) 100vw, 2560px\" \/><\/div>\n\t\t<\/a>\n\t\t\t\t<div class=\"elementor-post__text\">\n\t\t\t\t<h3 class=\"elementor-post__title\">\n\t\t\t<a href=\"https:\/\/savibal.com\/en\/en_curso\/puntiro-hills\/\" >\n\t\t\t\tPUNTIR\u00d3 HILLS\t\t\t<\/a>\n\t\t<\/h3>\n\t\t\t\t<div class=\"elementor-post__excerpt\">\n\t\t\t<p>Villa de 500 metros cuadrados de superficie con piscina en la prestigiosa urbanizaci\u00f3n de Palma, Puntir\u00f3, con impresionantes vistas a la bah\u00eda. Arquitecto: PLANAS Arquitectura<\/p>\n\t\t<\/div>\n\t\t\n\t\t<a class=\"elementor-post__read-more\" href=\"https:\/\/savibal.com\/en\/en_curso\/puntiro-hills\/\" aria-label=\"Read more about PUNTIR\u00d3 HILLS\" >\n\t\t\tContinue reading\t\t<\/a>\n\n\t\t\t\t<\/div>\n\t\t\t\t<\/article>\n\t\t\t\t<article class=\"elementor-post elementor-grid-item post-1023 en_curso type-en_curso status-publish has-post-thumbnail hentry\">\n\t\t\t\t<a class=\"elementor-post__thumbnail__link\" href=\"https:\/\/savibal.com\/en\/en_curso\/costa-pinos\/\" >\n\t\t\t<div class=\"elementor-post__thumbnail\"><img decoding=\"async\" width=\"2560\" height=\"1440\" src=\"https:\/\/savibal.com\/wp-content\/uploads\/2023\/07\/DJI_0690-scaled.jpg\" class=\"attachment-full size-full wp-image-2053\" alt=\"\" loading=\"lazy\" srcset=\"https:\/\/savibal.com\/wp-content\/uploads\/2023\/07\/DJI_0690-scaled.jpg 2560w, https:\/\/savibal.com\/wp-content\/uploads\/2023\/07\/DJI_0690-300x169.jpg 300w, https:\/\/savibal.com\/wp-content\/uploads\/2023\/07\/DJI_0690-1024x576.jpg 1024w, https:\/\/savibal.com\/wp-content\/uploads\/2023\/07\/DJI_0690-768x432.jpg 768w, https:\/\/savibal.com\/wp-content\/uploads\/2023\/07\/DJI_0690-1536x864.jpg 1536w, https:\/\/savibal.com\/wp-content\/uploads\/2023\/07\/DJI_0690-2048x1152.jpg 2048w\" sizes=\"(max-width: 2560px) 100vw, 2560px\" \/><\/div>\n\t\t<\/a>\n\t\t\t\t<div class=\"elementor-post__text\">\n\t\t\t\t<h3 class=\"elementor-post__title\">\n\t\t\t<a href=\"https:\/\/savibal.com\/en\/en_curso\/costa-pinos\/\" >\n\t\t\t\tCOSTA DE LOS PINOS\t\t\t<\/a>\n\t\t<\/h3>\n\t\t\t\t<div class=\"elementor-post__excerpt\">\n\t\t\t<p>Project Management de villa de estilo moderno en Costa de los Pinos de 600 metros cuadrados de superficie, zonas ajardinadas y piscina.<\/p>\n\t\t<\/div>\n\t\t\n\t\t<a class=\"elementor-post__read-more\" href=\"https:\/\/savibal.com\/en\/en_curso\/costa-pinos\/\" aria-label=\"Read more about COSTA DE LOS PINOS\" >\n\t\t\tContinue reading\t\t<\/a>\n\n\t\t\t\t<\/div>\n\t\t\t\t<\/article>\n\t\t\t\t<article class=\"elementor-post elementor-grid-item post-525 en_curso type-en_curso status-publish has-post-thumbnail hentry\">\n\t\t\t\t<a class=\"elementor-post__thumbnail__link\" href=\"https:\/\/savibal.com\/en\/en_curso\/finca-rustica-porto-cristo\/\" >\n\t\t\t<div class=\"elementor-post__thumbnail\"><img decoding=\"async\" width=\"640\" height=\"576\" src=\"https:\/\/savibal.com\/wp-content\/uploads\/2023\/06\/Captura-de-pantalla-2023-05-26-153151.jpg\" class=\"attachment-full size-full wp-image-526\" alt=\"\" loading=\"lazy\" srcset=\"https:\/\/savibal.com\/wp-content\/uploads\/2023\/06\/Captura-de-pantalla-2023-05-26-153151.jpg 640w, https:\/\/savibal.com\/wp-content\/uploads\/2023\/06\/Captura-de-pantalla-2023-05-26-153151-300x270.jpg 300w\" sizes=\"(max-width: 640px) 100vw, 640px\" \/><\/div>\n\t\t<\/a>\n\t\t\t\t<div class=\"elementor-post__text\">\n\t\t\t\t<h3 class=\"elementor-post__title\">\n\t\t\t<a href=\"https:\/\/savibal.com\/en\/en_curso\/finca-rustica-porto-cristo\/\" >\n\t\t\t\tFINCA RUSTICA PORTO CRISTO\t\t\t<\/a>\n\t\t<\/h3>\n\t\t\t\t<div class=\"elementor-post__excerpt\">\n\t\t\t<p>Proyecto llave en mano de una finca rustica en la zona de Porto Cristo.<\/p>\n\t\t<\/div>\n\t\t\n\t\t<a class=\"elementor-post__read-more\" href=\"https:\/\/savibal.com\/en\/en_curso\/finca-rustica-porto-cristo\/\" aria-label=\"Read more about FINCA RUSTICA PORTO CRISTO\" >\n\t\t\tContinue reading\t\t<\/a>\n\n\t\t\t\t<\/div>\n\t\t\t\t<\/article>\n\t\t\t\t<\/div>\n\t\t\n\t\t\t\t<\/div>\n\t\t\t\t<\/div>\n\t\t\t\t\t<\/div>\n\t\t<\/div>\n\t\t\t\t\t\t\t<\/div>\n\t\t<\/section>\n\t\t\t\t\t\t\t<\/div>\n\t\t","protected":false},"excerpt":{"rendered":"<p>IN PROGRESS<\/p>\n","protected":false},"author":1,"featured_media":0,"parent":0,"menu_order":0,"comment_status":"closed","ping_status":"closed","template":"","meta":[],"acf":[],"_links":{"self":[{"href":"https:\/\/savibal.com\/en\/wp-json\/wp\/v2\/pages\/1833"}],"collection":[{"href":"https:\/\/savibal.com\/en\/wp-json\/wp\/v2\/pages"}],"about":[{"href":"https:\/\/savibal.com\/en\/wp-json\/wp\/v2\/types\/page"}],"author":[{"embeddable":true,"href":"https:\/\/savibal.com\/en\/wp-json\/wp\/v2\/users\/1"}],"replies":[{"embeddable":true,"href":"https:\/\/savibal.com\/en\/wp-json\/wp\/v2\/comments?post=1833"}],"version-history":[{"count":5,"href":"https:\/\/savibal.com\/en\/wp-json\/wp\/v2\/pages\/1833\/revisions"}],"predecessor-version":[{"id":2243,"href":"https:\/\/savibal.com\/en\/wp-json\/wp\/v2\/pages\/1833\/revisions\/2243"}],"wp:attachment":[{"href":"https:\/\/savibal.com\/en\/wp-json\/wp\/v2\/media?parent=1833"}],"curies":[{"name":"wp","href":"https:\/\/api.w.org\/{rel}","templated":true}]}}